{"id":239,"date":"2023-11-10T12:32:00","date_gmt":"2023-11-10T12:32:00","guid":{"rendered":"https:\/\/gruposinvestigacion.unir.net\/mindhealthmedia\/?page_id=239"},"modified":"2025-11-14T11:39:31","modified_gmt":"2025-11-14T11:39:31","slug":"home","status":"publish","type":"page","link":"https:\/\/gruposinvestigacion.unir.net\/mindhealthmedia\/","title":{"rendered":"Home"},"content":{"rendered":"<h3><img loading=\"lazy\" class=\"alignnone  wp-image-265\" src=\"http:\/\/gruposinvestigacion.unir.net\/mindhealthmedia\/wp-content\/uploads\/sites\/154\/2024\/01\/woman-1446557_1920-300x200.jpg\" alt=\"MHM_CAROUSEL\" width=\"744\" height=\"496\" srcset=\"https:\/\/gruposinvestigacion.unir.net\/mindhealthmedia\/wp-content\/uploads\/sites\/154\/2024\/01\/woman-1446557_1920-300x200.jpg 300w, https:\/\/gruposinvestigacion.unir.net\/mindhealthmedia\/wp-content\/uploads\/sites\/154\/2024\/01\/woman-1446557_1920-1024x683.jpg 1024w, https:\/\/gruposinvestigacion.unir.net\/mindhealthmedia\/wp-content\/uploads\/sites\/154\/2024\/01\/woman-1446557_1920-768x512.jpg 768w, https:\/\/gruposinvestigacion.unir.net\/mindhealthmedia\/wp-content\/uploads\/sites\/154\/2024\/01\/woman-1446557_1920-1536x1024.jpg 1536w, https:\/\/gruposinvestigacion.unir.net\/mindhealthmedia\/wp-content\/uploads\/sites\/154\/2024\/01\/woman-1446557_1920.jpg 1920w\" sizes=\"(max-width: 744px) 100vw, 744px\" \/><\/h3>\n<h4><\/h4>\n<h3>Producci\u00f3n y consumo de informaci\u00f3n sobre salud mental en redes sociales.<\/h3>\n<h3>An\u00e1lisis de aspectos period\u00edsticos, psicol\u00f3gicos, \u00e9ticos y sociales<\/h3>\n<p><img loading=\"lazy\" class=\"alignnone size-medium wp-image-76\" src=\"http:\/\/gruposinvestigacion.unir.net\/mindhealthmedia\/wp-content\/uploads\/sites\/154\/2023\/12\/LOGO_MIND-HEALTH-MEDIA-300x237.jpg\" alt=\"\" width=\"300\" height=\"237\" srcset=\"https:\/\/gruposinvestigacion.unir.net\/mindhealthmedia\/wp-content\/uploads\/sites\/154\/2023\/12\/LOGO_MIND-HEALTH-MEDIA-300x237.jpg 300w, https:\/\/gruposinvestigacion.unir.net\/mindhealthmedia\/wp-content\/uploads\/sites\/154\/2023\/12\/LOGO_MIND-HEALTH-MEDIA.jpg 512w\" sizes=\"(max-width: 300px) 100vw, 300px\" \/><\/p>\n<p><strong>Investigador Principal:&nbsp;<\/strong>Jes\u00fas Diaz del Campo<\/p>\n<p><strong>Entidad Financiadora<\/strong>: Ministerio de Ciencia e Innovaci\u00f3n<\/p>\n<p><strong>Convocatoria<\/strong>: Convocatoria 2022 de Proyectos I+D+i Generaci\u00f3n del Conocimiento<\/p>\n<p><strong>Referencia<\/strong>: PID2022-136425OB-I00<\/p>\n<h3>Financiado por:<\/h3>\n<p><img loading=\"lazy\" class=\"alignnone size-medium wp-image-77\" src=\"http:\/\/gruposinvestigacion.unir.net\/mindhealthmedia\/wp-content\/uploads\/sites\/154\/2023\/12\/micin-uefeder-aei-300x90.jpg\" alt=\"\" width=\"300\" height=\"90\" srcset=\"https:\/\/gruposinvestigacion.unir.net\/mindhealthmedia\/wp-content\/uploads\/sites\/154\/2023\/12\/micin-uefeder-aei-300x90.jpg 300w, https:\/\/gruposinvestigacion.unir.net\/mindhealthmedia\/wp-content\/uploads\/sites\/154\/2023\/12\/micin-uefeder-aei-1024x307.jpg 1024w, https:\/\/gruposinvestigacion.unir.net\/mindhealthmedia\/wp-content\/uploads\/sites\/154\/2023\/12\/micin-uefeder-aei-768x230.jpg 768w, https:\/\/gruposinvestigacion.unir.net\/mindhealthmedia\/wp-content\/uploads\/sites\/154\/2023\/12\/micin-uefeder-aei-1536x460.jpg 1536w, https:\/\/gruposinvestigacion.unir.net\/mindhealthmedia\/wp-content\/uploads\/sites\/154\/2023\/12\/micin-uefeder-aei-2048x613.jpg 2048w\" sizes=\"(max-width: 300px) 100vw, 300px\" \/><\/p>\n<h3>Universidades participantes:<\/h3>\n<p><img loading=\"lazy\" class=\"alignnone size-full wp-image-178\" src=\"http:\/\/gruposinvestigacion.unir.net\/mindhealthmedia\/wp-content\/uploads\/sites\/154\/2023\/12\/UNIR.png\" alt=\"\" width=\"289\" height=\"174\"> <img loading=\"lazy\" class=\"alignnone size-medium wp-image-181\" src=\"http:\/\/gruposinvestigacion.unir.net\/mindhealthmedia\/wp-content\/uploads\/sites\/154\/2023\/12\/UCM-300x169.jpg\" alt=\"\" width=\"300\" height=\"169\" srcset=\"https:\/\/gruposinvestigacion.unir.net\/mindhealthmedia\/wp-content\/uploads\/sites\/154\/2023\/12\/UCM-300x169.jpg 300w, https:\/\/gruposinvestigacion.unir.net\/mindhealthmedia\/wp-content\/uploads\/sites\/154\/2023\/12\/UCM-1024x576.jpg 1024w, https:\/\/gruposinvestigacion.unir.net\/mindhealthmedia\/wp-content\/uploads\/sites\/154\/2023\/12\/UCM-768x432.jpg 768w, https:\/\/gruposinvestigacion.unir.net\/mindhealthmedia\/wp-content\/uploads\/sites\/154\/2023\/12\/UCM-1536x864.jpg 1536w, https:\/\/gruposinvestigacion.unir.net\/mindhealthmedia\/wp-content\/uploads\/sites\/154\/2023\/12\/UCM-100x55.jpg 100w, https:\/\/gruposinvestigacion.unir.net\/mindhealthmedia\/wp-content\/uploads\/sites\/154\/2023\/12\/UCM.jpg 1920w\" sizes=\"(max-width: 300px) 100vw, 300px\" \/><img loading=\"lazy\" class=\"alignnone size-medium wp-image-184\" src=\"http:\/\/gruposinvestigacion.unir.net\/mindhealthmedia\/wp-content\/uploads\/sites\/154\/2023\/12\/US-300x154.jpg\" alt=\"\" width=\"300\" height=\"154\" srcset=\"https:\/\/gruposinvestigacion.unir.net\/mindhealthmedia\/wp-content\/uploads\/sites\/154\/2023\/12\/US-300x154.jpg 300w, https:\/\/gruposinvestigacion.unir.net\/mindhealthmedia\/wp-content\/uploads\/sites\/154\/2023\/12\/US.jpg 700w\" sizes=\"(max-width: 300px) 100vw, 300px\" \/> <img loading=\"lazy\" class=\"alignnone size-medium wp-image-187\" src=\"http:\/\/gruposinvestigacion.unir.net\/mindhealthmedia\/wp-content\/uploads\/sites\/154\/2023\/12\/UA-300x104.png\" alt=\"\" width=\"300\" height=\"104\" srcset=\"https:\/\/gruposinvestigacion.unir.net\/mindhealthmedia\/wp-content\/uploads\/sites\/154\/2023\/12\/UA-300x104.png 300w, https:\/\/gruposinvestigacion.unir.net\/mindhealthmedia\/wp-content\/uploads\/sites\/154\/2023\/12\/UA.png 381w\" sizes=\"(max-width: 300px) 100vw, 300px\" \/><img loading=\"lazy\" class=\"alignnone size-medium wp-image-348\" src=\"http:\/\/gruposinvestigacion.unir.net\/mindhealthmedia\/wp-content\/uploads\/sites\/154\/2025\/11\/Universidad_de_Malaga-300x300.jpg\" alt=\"\" width=\"300\" height=\"300\" srcset=\"https:\/\/gruposinvestigacion.unir.net\/mindhealthmedia\/wp-content\/uploads\/sites\/154\/2025\/11\/Universidad_de_Malaga-300x300.jpg 300w, https:\/\/gruposinvestigacion.unir.net\/mindhealthmedia\/wp-content\/uploads\/sites\/154\/2025\/11\/Universidad_de_Malaga-150x150.jpg 150w, https:\/\/gruposinvestigacion.unir.net\/mindhealthmedia\/wp-content\/uploads\/sites\/154\/2025\/11\/Universidad_de_Malaga.jpg 330w\" sizes=\"(max-width: 300px) 100vw, 300px\" \/> <img loading=\"lazy\" class=\"alignnone size-medium wp-image-190\" src=\"http:\/\/gruposinvestigacion.unir.net\/mindhealthmedia\/wp-content\/uploads\/sites\/154\/2023\/12\/UNIVERSIDAD-PANAMERICANA-ME\u0301XICO-300x106.png\" alt=\"\" width=\"300\" height=\"106\" srcset=\"https:\/\/gruposinvestigacion.unir.net\/mindhealthmedia\/wp-content\/uploads\/sites\/154\/2023\/12\/UNIVERSIDAD-PANAMERICANA-ME\u0301XICO-300x106.png 300w, https:\/\/gruposinvestigacion.unir.net\/mindhealthmedia\/wp-content\/uploads\/sites\/154\/2023\/12\/UNIVERSIDAD-PANAMERICANA-ME\u0301XICO-768x271.png 768w, https:\/\/gruposinvestigacion.unir.net\/mindhealthmedia\/wp-content\/uploads\/sites\/154\/2023\/12\/UNIVERSIDAD-PANAMERICANA-ME\u0301XICO.png 1000w\" sizes=\"(max-width: 300px) 100vw, 300px\" \/><\/p>\n<h3>Entidades colaboradoras:<\/h3>\n<p><img loading=\"lazy\" class=\"alignnone wp-image-194\" src=\"http:\/\/gruposinvestigacion.unir.net\/mindhealthmedia\/wp-content\/uploads\/sites\/154\/2023\/12\/COMSALUD.jpg\" alt=\"\" width=\"182\" height=\"182\" srcset=\"https:\/\/gruposinvestigacion.unir.net\/mindhealthmedia\/wp-content\/uploads\/sites\/154\/2023\/12\/COMSALUD.jpg 225w, https:\/\/gruposinvestigacion.unir.net\/mindhealthmedia\/wp-content\/uploads\/sites\/154\/2023\/12\/COMSALUD-150x150.jpg 150w\" sizes=\"(max-width: 182px) 100vw, 182px\" \/> <img loading=\"lazy\" class=\"alignnone wp-image-205\" src=\"http:\/\/gruposinvestigacion.unir.net\/mindhealthmedia\/wp-content\/uploads\/sites\/154\/2023\/12\/DIRCOM-COLOR-01-300x192.jpg\" alt=\"\" width=\"233\" height=\"149\" srcset=\"https:\/\/gruposinvestigacion.unir.net\/mindhealthmedia\/wp-content\/uploads\/sites\/154\/2023\/12\/DIRCOM-COLOR-01-300x192.jpg 300w, https:\/\/gruposinvestigacion.unir.net\/mindhealthmedia\/wp-content\/uploads\/sites\/154\/2023\/12\/DIRCOM-COLOR-01.jpg 592w\" sizes=\"(max-width: 233px) 100vw, 233px\" \/> <img loading=\"lazy\" class=\"alignnone wp-image-200\" src=\"http:\/\/gruposinvestigacion.unir.net\/mindhealthmedia\/wp-content\/uploads\/sites\/154\/2023\/12\/anis_8-300x226.jpg\" alt=\"\" width=\"234\" height=\"176\" srcset=\"https:\/\/gruposinvestigacion.unir.net\/mindhealthmedia\/wp-content\/uploads\/sites\/154\/2023\/12\/anis_8-300x226.jpg 300w, https:\/\/gruposinvestigacion.unir.net\/mindhealthmedia\/wp-content\/uploads\/sites\/154\/2023\/12\/anis_8.jpg 565w\" sizes=\"(max-width: 234px) 100vw, 234px\" \/><\/p>\n","protected":false},"excerpt":{"rendered":"<p>Producci\u00f3n y consumo de informaci\u00f3n sobre salud mental en redes sociales. An\u00e1lisis de aspectos period\u00edsticos, psicol\u00f3gicos, \u00e9ticos y sociales Investigador Principal:&nbsp;Jes\u00fas Diaz del Campo Entidad Financiadora: Ministerio de Ciencia e Innovaci\u00f3n Convocatoria: Convocatoria 2022 de Proyectos I+D+i Generaci\u00f3n del Conocimiento Referencia: PID2022-136425OB-I00 Financiado por: Universidades participantes: Entidades colaboradoras:<\/p>\n","protected":false},"author":242,"featured_media":265,"parent":0,"menu_order":0,"comment_status":"closed","ping_status":"closed","template":"templates\/home-grupo.php","meta":[],"_links":{"self":[{"href":"https:\/\/gruposinvestigacion.unir.net\/mindhealthmedia\/wp-json\/wp\/v2\/pages\/239"}],"collection":[{"href":"https:\/\/gruposinvestigacion.unir.net\/mindhealthmedia\/wp-json\/wp\/v2\/pages"}],"about":[{"href":"https:\/\/gruposinvestigacion.unir.net\/mindhealthmedia\/wp-json\/wp\/v2\/types\/page"}],"author":[{"embeddable":true,"href":"https:\/\/gruposinvestigacion.unir.net\/mindhealthmedia\/wp-json\/wp\/v2\/users\/242"}],"replies":[{"embeddable":true,"href":"https:\/\/gruposinvestigacion.unir.net\/mindhealthmedia\/wp-json\/wp\/v2\/comments?post=239"}],"version-history":[{"count":20,"href":"https:\/\/gruposinvestigacion.unir.net\/mindhealthmedia\/wp-json\/wp\/v2\/pages\/239\/revisions"}],"predecessor-version":[{"id":380,"href":"https:\/\/gruposinvestigacion.unir.net\/mindhealthmedia\/wp-json\/wp\/v2\/pages\/239\/revisions\/380"}],"wp:featuredmedia":[{"embeddable":true,"href":"https:\/\/gruposinvestigacion.unir.net\/mindhealthmedia\/wp-json\/wp\/v2\/media\/265"}],"wp:attachment":[{"href":"https:\/\/gruposinvestigacion.unir.net\/mindhealthmedia\/wp-json\/wp\/v2\/media?parent=239"}],"curies":[{"name":"wp","href":"https:\/\/api.w.org\/{rel}","templated":true}]}}